{"id":222,"date":"2016-09-24T06:56:40","date_gmt":"2016-09-24T04:56:40","guid":{"rendered":"http:\/\/ilkatestetblog.wordpress.com\/?page_id=1"},"modified":"2022-10-30T11:22:35","modified_gmt":"2022-10-30T10:22:35","slug":"eine-seite","status":"publish","type":"page","link":"https:\/\/casaquerbeet.de\/?page_id=222","title":{"rendered":"\u00dcber mich"},"content":{"rendered":"<p><a href=\"http:\/\/blog.casaquerbeet.de\/wp-content\/uploads\/2018\/11\/IMG_5132.jpg\"><img loading=\"lazy\" decoding=\"async\" class=\"wp-image-3452  alignright\" src=\"http:\/\/blog.casaquerbeet.de\/wp-content\/uploads\/2018\/11\/IMG_5132.jpg\" alt=\"\" width=\"198\" height=\"263\" srcset=\"https:\/\/casaquerbeet.de\/wp-content\/uploads\/2018\/11\/IMG_5132.jpg 800w, https:\/\/casaquerbeet.de\/wp-content\/uploads\/2018\/11\/IMG_5132-225x300.jpg 225w, https:\/\/casaquerbeet.de\/wp-content\/uploads\/2018\/11\/IMG_5132-768x1024.jpg 768w\" sizes=\"auto, (max-width: 198px) 100vw, 198px\" \/><\/a>Warum CasaQuerbeet?<br \/>\nWeil ich mich mit meinen Hobbys so f\u00fchle, wie ein einem Haus wo jede Art von Interesse querbeet Platz hat.<\/p>\n<p>Egal ob es die Malerei ist, DIY` s&nbsp; aller Art erschaffen, Produkttests (weil ich immer so neugrierig auf neue Produkte bin), oder nun auch neuerdings die N\u00e4herei.<br \/>\nIch zugeben, dass mir das N\u00e4hen momentan so Spa\u00df macht, gerade weil man so coole Sachen n\u00e4hen kann, die man im Alltag sehr gut brauchen kann.<br \/>\nEine Freundin hat mich inspiriert mit ihren tollen Ideen und gen\u00e4hten Werken. Nachdem sie mir die ersten Schritte gezeigt hat, musste sofort eine N\u00e4hmaschine her.<\/p>\n<p>Bisher war die Malerei f\u00fcr mich immer die Nr.1, aber ich male ja seit je her nur privat und mittlerweile stapeln sich die Bilder und soviele W\u00e4nde hat ja kein Mensch.<\/p>\n<p>Habt Ihr Fragen oder Anregungen? Nichts wie her damit!<br \/>\nTraut Euch und ich freue mich!<br \/>\nAber ich freue mich auch \u00fcber jeden lieben Gru\u00df!<\/p>\n<p>Liebe Gr\u00fc\u00dfe<br \/>\n<em>Eure Ilka<\/em><\/p>\n<p><span style=\"border-radius: 2px; text-indent: 20px; width: auto; padding: 0px 4px 0px 0px; text-align: center; font: bold 11px\/20px 'Helvetica Neue',Helvetica,sans-serif; color: #ffffff; background: #bd081c no-repeat scroll 3px 50% \/ 14px 14px; position: absolute; opacity: 1; z-index: 8675309; display: none; cursor: pointer; top: 44px; left: 1113px;\">Merken<\/span><\/p>\n<p><span style=\"border-radius: 2px; text-indent: 20px; width: auto; padding: 0px 4px 0px 0px; text-align: center; font: bold 11px\/20px 'Helvetica Neue',Helvetica,sans-serif; color: #ffffff; background: #bd081c no-repeat scroll 3px 50% \/ 14px 14px; position: absolute; opacity: 1; z-index: 8675309; display: none; cursor: pointer;\">Merken<\/span><\/p>\n<p><span style=\"border-radius: 2px; text-indent: 20px; width: auto; padding: 0px 4px 0px 0px; text-align: center; font: bold 11px\/20px 'Helvetica Neue',Helvetica,sans-serif; color: #ffffff; background: #bd081c no-repeat scroll 3px 50% \/ 14px 14px; position: absolute; opacity: 1; z-index: 8675309; display: none; cursor: pointer;\">Merken<\/span><\/p>\n","protected":false},"excerpt":{"rendered":"<p>Warum CasaQuerbeet? Weil ich mich mit meinen Hobbys so f\u00fchle, wie ein einem Haus wo jede Art von Interesse querbeet Platz hat. Egal ob es die Malerei ist, DIY` s&nbsp; aller Art erschaffen, Produkttests&#46;&#46;&#46;<\/p>\n","protected":false},"author":1,"featured_media":0,"parent":0,"menu_order":0,"comment_status":"open","ping_status":"closed","template":"","meta":{"footnotes":""},"class_list":["post-222","page","type-page","status-publish","hentry"],"post_mailing_queue_ids":[],"_links":{"self":[{"href":"https:\/\/casaquerbeet.de\/index.php?rest_route=\/wp\/v2\/pages\/222","targetHints":{"allow":["GET"]}}],"collection":[{"href":"https:\/\/casaquerbeet.de\/index.php?rest_route=\/wp\/v2\/pages"}],"about":[{"href":"https:\/\/casaquerbeet.de\/index.php?rest_route=\/wp\/v2\/types\/page"}],"author":[{"embeddable":true,"href":"https:\/\/casaquerbeet.de\/index.php?rest_route=\/wp\/v2\/users\/1"}],"replies":[{"embeddable":true,"href":"https:\/\/casaquerbeet.de\/index.php?rest_route=%2Fwp%2Fv2%2Fcomments&post=222"}],"version-history":[{"count":7,"href":"https:\/\/casaquerbeet.de\/index.php?rest_route=\/wp\/v2\/pages\/222\/revisions"}],"predecessor-version":[{"id":4816,"href":"https:\/\/casaquerbeet.de\/index.php?rest_route=\/wp\/v2\/pages\/222\/revisions\/4816"}],"wp:attachment":[{"href":"https:\/\/casaquerbeet.de\/index.php?rest_route=%2Fwp%2Fv2%2Fmedia&parent=222"}],"curies":[{"name":"wp","href":"https:\/\/api.w.org\/{rel}","templated":true}]}}